{"id":127,"date":"2022-05-23T11:51:30","date_gmt":"2022-05-23T04:51:30","guid":{"rendered":"https:\/\/zeno-pet.com\/?page_id=127"},"modified":"2022-10-18T16:03:13","modified_gmt":"2022-10-18T09:03:13","slug":"blog","status":"publish","type":"page","link":"https:\/\/zeno-pet.com\/en\/blog\/","title":{"rendered":"Blog"},"content":{"rendered":"<div class=\"entry-content desc-content\"><section class=\"gb-container gb-container-c31ae6c7 alignfull\"><div class=\"gb-inside-container\">\n\n<h1 class=\"gb-headline gb-headline-06f93d0a gb-headline-text\">\u0e1a\u0e17\u0e04\u0e27\u0e32\u0e21\u0e19\u0e48\u0e32\u0e23\u0e39\u0e49<\/h1>\n\n<\/div><\/section>\n\n<section class=\"gb-container gb-container-2b098f88 alignfull\"><div class=\"gb-inside-container\">\n<div class=\"gb-container gb-container-64b3cc63\"><div class=\"gb-inside-container\">\n\n<p class=\"gb-headline gb-headline-72fe4157 gb-headline-text\"><a href=\"\/en\/\">\u0e2b\u0e19\u0e49\u0e32\u0e2b\u0e25\u0e31\u0e01<\/a> \/ \u0e1a\u0e17\u0e04\u0e27\u0e32\u0e21\u0e19\u0e48\u0e32\u0e23\u0e39\u0e49<\/p>\n\n\n<div class=\"blog-top s-grid -d2 -m1\"><article id=\"post-3454\" class=\"content-item -card-blog post-3454 post type-post status-publish format-standard hentry category-uncategorized\">\n    <div class=\"pic\">\n        <a href=\"https:\/\/zeno-pet.com\/en\/le-casino-boomerang-et-lart-de-ramener-la-chance\/\" title=\"Permalink to Le Casino Boomerang et l&#8217;Art de Ramener la Chance\" rel=\"bookmark\">\n            <img decoding=\"async\" src=\"https:\/\/zeno-pet.com\/wp-content\/themes\/plant\/img\/thumb.jpg\" alt=\"Le Casino Boomerang et l&#8217;Art de Ramener la Chance\" \/>        <\/a>\n    <\/div>\n    <div class=\"info\">\n        <header class=\"entry-header\">\n            <div class=\"grid-block -d2 -m2\">\n                 <a class=\"entry-cat _heading\" href=\"https:\/\/zeno-pet.com\/en\/category\/uncategorized\/\" title=\"Uncategorized\">Uncategorized<\/a>                <div class=\"entry-meta\">\n                    <span class=\"date-meta\">\n                        <svg id=\"calendar_today_black_24dp\" xmlns=\"http:\/\/www.w3.org\/2000\/svg\" width=\"16\" height=\"16\" viewbox=\"0 0 16 16\">\n                            <path id=\"Path_8940\" data-name=\"Path 8940\" d=\"M0,0H16V16H0Z\" fill=\"none\"\/>\n                            <path id=\"Path_8941\" data-name=\"Path 8941\" d=\"M14,2.333h-.667V1H12V2.333H5.333V1H4V2.333H3.333A1.337,1.337,0,0,0,2,3.667V14.333a1.337,1.337,0,0,0,1.333,1.333H14a1.337,1.337,0,0,0,1.333-1.333V3.667A1.337,1.337,0,0,0,14,2.333Zm0,12H3.333V7H14Zm0-8.667H3.333v-2H14Z\" transform=\"translate(-0.667 -0.333)\" fill=\"#acacac\"\/>\n                        <\/svg>\n                        19 April 2026                    <\/span>\n                <\/div>\n            <\/div>\n            <h2 class=\"entry-title\"><a href=\"https:\/\/zeno-pet.com\/en\/le-casino-boomerang-et-lart-de-ramener-la-chance\/\" rel=\"bookmark\">Le Casino Boomerang et l&#8217;Art de Ramener la Chance<\/a><\/h2>        <\/header>\n    <\/div>\n<\/article><article id=\"post-3386\" class=\"content-item -card-blog post-3386 post type-post status-publish format-standard hentry category-uncategorized\">\n    <div class=\"pic\">\n        <a href=\"https:\/\/zeno-pet.com\/en\/plongee-eblouissante-dans-lunivers-captivant-des-casinos-en-ligne-france\/\" title=\"Permalink to Plong\u00e9e \u00c9blouissante dans l&#8217;univers captivant des casinos en ligne France\" rel=\"bookmark\">\n            <img decoding=\"async\" src=\"https:\/\/zeno-pet.com\/wp-content\/themes\/plant\/img\/thumb.jpg\" alt=\"Plong\u00e9e \u00c9blouissante dans l&#8217;univers captivant des casinos en ligne France\" \/>        <\/a>\n    <\/div>\n    <div class=\"info\">\n        <header class=\"entry-header\">\n            <div class=\"grid-block -d2 -m2\">\n                 <a class=\"entry-cat _heading\" href=\"https:\/\/zeno-pet.com\/en\/category\/uncategorized\/\" title=\"Uncategorized\">Uncategorized<\/a>                <div class=\"entry-meta\">\n                    <span class=\"date-meta\">\n                        <svg id=\"calendar_today_black_24dp\" xmlns=\"http:\/\/www.w3.org\/2000\/svg\" width=\"16\" height=\"16\" viewbox=\"0 0 16 16\">\n                            <path id=\"Path_8940\" data-name=\"Path 8940\" d=\"M0,0H16V16H0Z\" fill=\"none\"\/>\n                            <path id=\"Path_8941\" data-name=\"Path 8941\" d=\"M14,2.333h-.667V1H12V2.333H5.333V1H4V2.333H3.333A1.337,1.337,0,0,0,2,3.667V14.333a1.337,1.337,0,0,0,1.333,1.333H14a1.337,1.337,0,0,0,1.333-1.333V3.667A1.337,1.337,0,0,0,14,2.333Zm0,12H3.333V7H14Zm0-8.667H3.333v-2H14Z\" transform=\"translate(-0.667 -0.333)\" fill=\"#acacac\"\/>\n                        <\/svg>\n                        19 April 2026                    <\/span>\n                <\/div>\n            <\/div>\n            <h2 class=\"entry-title\"><a href=\"https:\/\/zeno-pet.com\/en\/plongee-eblouissante-dans-lunivers-captivant-des-casinos-en-ligne-france\/\" rel=\"bookmark\">Plong\u00e9e \u00c9blouissante dans l&#8217;univers captivant des casinos en ligne France<\/a><\/h2>        <\/header>\n    <\/div>\n<\/article><\/div>\n\n\n<div class=\"blog-bot s-grid -d3 -m1\"><article id=\"post-3136\" class=\"content-item -card-blog post-3136 post type-post status-publish format-standard hentry category-uncategorized\">\n    <div class=\"pic\">\n        <a href=\"https:\/\/zeno-pet.com\/en\/funktsija-zvukovogo-soprovozhdenija-v-ramkah-interaktivnyh-sistemah\/\" title=\"Permalink to \u0424\u0443\u043d\u043a\u0446\u0438\u044f \u0437\u0432\u0443\u043a\u043e\u0432\u043e\u0433\u043e \u0441\u043e\u043f\u0440\u043e\u0432\u043e\u0436\u0434\u0435\u043d\u0438\u044f \u0432 \u0440\u0430\u043c\u043a\u0430\u0445 \u0438\u043d\u0442\u0435\u0440\u0430\u043a\u0442\u0438\u0432\u043d\u044b\u0445 \u0441\u0438\u0441\u0442\u0435\u043c\u0430\u0445\" rel=\"bookmark\">\n            <img decoding=\"async\" src=\"https:\/\/zeno-pet.com\/wp-content\/themes\/plant\/img\/thumb.jpg\" alt=\"\u0424\u0443\u043d\u043a\u0446\u0438\u044f \u0437\u0432\u0443\u043a\u043e\u0432\u043e\u0433\u043e \u0441\u043e\u043f\u0440\u043e\u0432\u043e\u0436\u0434\u0435\u043d\u0438\u044f \u0432 \u0440\u0430\u043c\u043a\u0430\u0445 \u0438\u043d\u0442\u0435\u0440\u0430\u043a\u0442\u0438\u0432\u043d\u044b\u0445 \u0441\u0438\u0441\u0442\u0435\u043c\u0430\u0445\" \/>        <\/a>\n    <\/div>\n    <div class=\"info\">\n        <header class=\"entry-header\">\n            <div class=\"grid-block -d2 -m2\">\n                 <a class=\"entry-cat _heading\" href=\"https:\/\/zeno-pet.com\/en\/category\/uncategorized\/\" title=\"Uncategorized\">Uncategorized<\/a>                <div class=\"entry-meta\">\n                    <span class=\"date-meta\">\n                        <svg id=\"calendar_today_black_24dp\" xmlns=\"http:\/\/www.w3.org\/2000\/svg\" width=\"16\" height=\"16\" viewbox=\"0 0 16 16\">\n                            <path id=\"Path_8940\" data-name=\"Path 8940\" d=\"M0,0H16V16H0Z\" fill=\"none\"\/>\n                            <path id=\"Path_8941\" data-name=\"Path 8941\" d=\"M14,2.333h-.667V1H12V2.333H5.333V1H4V2.333H3.333A1.337,1.337,0,0,0,2,3.667V14.333a1.337,1.337,0,0,0,1.333,1.333H14a1.337,1.337,0,0,0,1.333-1.333V3.667A1.337,1.337,0,0,0,14,2.333Zm0,12H3.333V7H14Zm0-8.667H3.333v-2H14Z\" transform=\"translate(-0.667 -0.333)\" fill=\"#acacac\"\/>\n                        <\/svg>\n                        19 April 2026                    <\/span>\n                <\/div>\n            <\/div>\n            <h2 class=\"entry-title\"><a href=\"https:\/\/zeno-pet.com\/en\/funktsija-zvukovogo-soprovozhdenija-v-ramkah-interaktivnyh-sistemah\/\" rel=\"bookmark\">\u0424\u0443\u043d\u043a\u0446\u0438\u044f \u0437\u0432\u0443\u043a\u043e\u0432\u043e\u0433\u043e \u0441\u043e\u043f\u0440\u043e\u0432\u043e\u0436\u0434\u0435\u043d\u0438\u044f \u0432 \u0440\u0430\u043c\u043a\u0430\u0445 \u0438\u043d\u0442\u0435\u0440\u0430\u043a\u0442\u0438\u0432\u043d\u044b\u0445 \u0441\u0438\u0441\u0442\u0435\u043c\u0430\u0445<\/a><\/h2>        <\/header>\n    <\/div>\n<\/article><article id=\"post-3110\" class=\"content-item -card-blog post-3110 post type-post status-publish format-standard hentry category-uncategorized\">\n    <div class=\"pic\">\n        <a href=\"https:\/\/zeno-pet.com\/en\/3110-2\/\" title=\"Permalink to \" rel=\"bookmark\">\n            <img decoding=\"async\" src=\"https:\/\/zeno-pet.com\/wp-content\/themes\/plant\/img\/thumb.jpg\" alt=\"\" \/>        <\/a>\n    <\/div>\n    <div class=\"info\">\n        <header class=\"entry-header\">\n            <div class=\"grid-block -d2 -m2\">\n                 <a class=\"entry-cat _heading\" href=\"https:\/\/zeno-pet.com\/en\/category\/uncategorized\/\" title=\"Uncategorized\">Uncategorized<\/a>                <div class=\"entry-meta\">\n                    <span class=\"date-meta\">\n                        <svg id=\"calendar_today_black_24dp\" xmlns=\"http:\/\/www.w3.org\/2000\/svg\" width=\"16\" height=\"16\" viewbox=\"0 0 16 16\">\n                            <path id=\"Path_8940\" data-name=\"Path 8940\" d=\"M0,0H16V16H0Z\" fill=\"none\"\/>\n                            <path id=\"Path_8941\" data-name=\"Path 8941\" d=\"M14,2.333h-.667V1H12V2.333H5.333V1H4V2.333H3.333A1.337,1.337,0,0,0,2,3.667V14.333a1.337,1.337,0,0,0,1.333,1.333H14a1.337,1.337,0,0,0,1.333-1.333V3.667A1.337,1.337,0,0,0,14,2.333Zm0,12H3.333V7H14Zm0-8.667H3.333v-2H14Z\" transform=\"translate(-0.667 -0.333)\" fill=\"#acacac\"\/>\n                        <\/svg>\n                        19 April 2026                    <\/span>\n                <\/div>\n            <\/div>\n                    <\/header>\n    <\/div>\n<\/article><article id=\"post-3208\" class=\"content-item -card-blog post-3208 post type-post status-publish format-standard hentry category-uncategorized\">\n    <div class=\"pic\">\n        <a href=\"https:\/\/zeno-pet.com\/en\/wplyw-mostbet-kod-promocyjny-na-strategie-zakladow-5\/\" title=\"Permalink to Wp\u0142yw Mostbet Kod Promocyjny na Strategie Zak\u0142ad\u00f3w\" rel=\"bookmark\">\n            <img decoding=\"async\" src=\"https:\/\/zeno-pet.com\/wp-content\/themes\/plant\/img\/thumb.jpg\" alt=\"Wp\u0142yw Mostbet Kod Promocyjny na Strategie Zak\u0142ad\u00f3w\" \/>        <\/a>\n    <\/div>\n    <div class=\"info\">\n        <header class=\"entry-header\">\n            <div class=\"grid-block -d2 -m2\">\n                 <a class=\"entry-cat _heading\" href=\"https:\/\/zeno-pet.com\/en\/category\/uncategorized\/\" title=\"Uncategorized\">Uncategorized<\/a>                <div class=\"entry-meta\">\n                    <span class=\"date-meta\">\n                        <svg id=\"calendar_today_black_24dp\" xmlns=\"http:\/\/www.w3.org\/2000\/svg\" width=\"16\" height=\"16\" viewbox=\"0 0 16 16\">\n                            <path id=\"Path_8940\" data-name=\"Path 8940\" d=\"M0,0H16V16H0Z\" fill=\"none\"\/>\n                            <path id=\"Path_8941\" data-name=\"Path 8941\" d=\"M14,2.333h-.667V1H12V2.333H5.333V1H4V2.333H3.333A1.337,1.337,0,0,0,2,3.667V14.333a1.337,1.337,0,0,0,1.333,1.333H14a1.337,1.337,0,0,0,1.333-1.333V3.667A1.337,1.337,0,0,0,14,2.333Zm0,12H3.333V7H14Zm0-8.667H3.333v-2H14Z\" transform=\"translate(-0.667 -0.333)\" fill=\"#acacac\"\/>\n                        <\/svg>\n                        19 April 2026                    <\/span>\n                <\/div>\n            <\/div>\n            <h2 class=\"entry-title\"><a href=\"https:\/\/zeno-pet.com\/en\/wplyw-mostbet-kod-promocyjny-na-strategie-zakladow-5\/\" rel=\"bookmark\">Wp\u0142yw Mostbet Kod Promocyjny na Strategie Zak\u0142ad\u00f3w<\/a><\/h2>        <\/header>\n    <\/div>\n<\/article><article id=\"post-3206\" class=\"content-item -card-blog post-3206 post type-post status-publish format-standard hentry category-uncategorized\">\n    <div class=\"pic\">\n        <a href=\"https:\/\/zeno-pet.com\/en\/wplyw-mostbet-kod-promocyjny-na-strategie-zakladow-4\/\" title=\"Permalink to Wp\u0142yw Mostbet Kod Promocyjny na Strategie Zak\u0142ad\u00f3w\" rel=\"bookmark\">\n            <img decoding=\"async\" src=\"https:\/\/zeno-pet.com\/wp-content\/themes\/plant\/img\/thumb.jpg\" alt=\"Wp\u0142yw Mostbet Kod Promocyjny na Strategie Zak\u0142ad\u00f3w\" \/>        <\/a>\n    <\/div>\n    <div class=\"info\">\n        <header class=\"entry-header\">\n            <div class=\"grid-block -d2 -m2\">\n                 <a class=\"entry-cat _heading\" href=\"https:\/\/zeno-pet.com\/en\/category\/uncategorized\/\" title=\"Uncategorized\">Uncategorized<\/a>                <div class=\"entry-meta\">\n                    <span class=\"date-meta\">\n                        <svg id=\"calendar_today_black_24dp\" xmlns=\"http:\/\/www.w3.org\/2000\/svg\" width=\"16\" height=\"16\" viewbox=\"0 0 16 16\">\n                            <path id=\"Path_8940\" data-name=\"Path 8940\" d=\"M0,0H16V16H0Z\" fill=\"none\"\/>\n                            <path id=\"Path_8941\" data-name=\"Path 8941\" d=\"M14,2.333h-.667V1H12V2.333H5.333V1H4V2.333H3.333A1.337,1.337,0,0,0,2,3.667V14.333a1.337,1.337,0,0,0,1.333,1.333H14a1.337,1.337,0,0,0,1.333-1.333V3.667A1.337,1.337,0,0,0,14,2.333Zm0,12H3.333V7H14Zm0-8.667H3.333v-2H14Z\" transform=\"translate(-0.667 -0.333)\" fill=\"#acacac\"\/>\n                        <\/svg>\n                        19 April 2026                    <\/span>\n                <\/div>\n            <\/div>\n            <h2 class=\"entry-title\"><a href=\"https:\/\/zeno-pet.com\/en\/wplyw-mostbet-kod-promocyjny-na-strategie-zakladow-4\/\" rel=\"bookmark\">Wp\u0142yw Mostbet Kod Promocyjny na Strategie Zak\u0142ad\u00f3w<\/a><\/h2>        <\/header>\n    <\/div>\n<\/article><article id=\"post-3204\" class=\"content-item -card-blog post-3204 post type-post status-publish format-standard hentry category-uncategorized\">\n    <div class=\"pic\">\n        <a href=\"https:\/\/zeno-pet.com\/en\/wplyw-mostbet-kod-promocyjny-na-strategie-zakladow-3\/\" title=\"Permalink to Wp\u0142yw Mostbet Kod Promocyjny na Strategie Zak\u0142ad\u00f3w\" rel=\"bookmark\">\n            <img decoding=\"async\" src=\"https:\/\/zeno-pet.com\/wp-content\/themes\/plant\/img\/thumb.jpg\" alt=\"Wp\u0142yw Mostbet Kod Promocyjny na Strategie Zak\u0142ad\u00f3w\" \/>        <\/a>\n    <\/div>\n    <div class=\"info\">\n        <header class=\"entry-header\">\n            <div class=\"grid-block -d2 -m2\">\n                 <a class=\"entry-cat _heading\" href=\"https:\/\/zeno-pet.com\/en\/category\/uncategorized\/\" title=\"Uncategorized\">Uncategorized<\/a>                <div class=\"entry-meta\">\n                    <span class=\"date-meta\">\n                        <svg id=\"calendar_today_black_24dp\" xmlns=\"http:\/\/www.w3.org\/2000\/svg\" width=\"16\" height=\"16\" viewbox=\"0 0 16 16\">\n                            <path id=\"Path_8940\" data-name=\"Path 8940\" d=\"M0,0H16V16H0Z\" fill=\"none\"\/>\n                            <path id=\"Path_8941\" data-name=\"Path 8941\" d=\"M14,2.333h-.667V1H12V2.333H5.333V1H4V2.333H3.333A1.337,1.337,0,0,0,2,3.667V14.333a1.337,1.337,0,0,0,1.333,1.333H14a1.337,1.337,0,0,0,1.333-1.333V3.667A1.337,1.337,0,0,0,14,2.333Zm0,12H3.333V7H14Zm0-8.667H3.333v-2H14Z\" transform=\"translate(-0.667 -0.333)\" fill=\"#acacac\"\/>\n                        <\/svg>\n                        19 April 2026                    <\/span>\n                <\/div>\n            <\/div>\n            <h2 class=\"entry-title\"><a href=\"https:\/\/zeno-pet.com\/en\/wplyw-mostbet-kod-promocyjny-na-strategie-zakladow-3\/\" rel=\"bookmark\">Wp\u0142yw Mostbet Kod Promocyjny na Strategie Zak\u0142ad\u00f3w<\/a><\/h2>        <\/header>\n    <\/div>\n<\/article><article id=\"post-3202\" class=\"content-item -card-blog post-3202 post type-post status-publish format-standard hentry category-uncategorized\">\n    <div class=\"pic\">\n        <a href=\"https:\/\/zeno-pet.com\/en\/wplyw-mostbet-kod-promocyjny-na-strategie-zakladow-2\/\" title=\"Permalink to Wp\u0142yw Mostbet Kod Promocyjny na Strategie Zak\u0142ad\u00f3w\" rel=\"bookmark\">\n            <img decoding=\"async\" src=\"https:\/\/zeno-pet.com\/wp-content\/themes\/plant\/img\/thumb.jpg\" alt=\"Wp\u0142yw Mostbet Kod Promocyjny na Strategie Zak\u0142ad\u00f3w\" \/>        <\/a>\n    <\/div>\n    <div class=\"info\">\n        <header class=\"entry-header\">\n            <div class=\"grid-block -d2 -m2\">\n                 <a class=\"entry-cat _heading\" href=\"https:\/\/zeno-pet.com\/en\/category\/uncategorized\/\" title=\"Uncategorized\">Uncategorized<\/a>                <div class=\"entry-meta\">\n                    <span class=\"date-meta\">\n                        <svg id=\"calendar_today_black_24dp\" xmlns=\"http:\/\/www.w3.org\/2000\/svg\" width=\"16\" height=\"16\" viewbox=\"0 0 16 16\">\n                            <path id=\"Path_8940\" data-name=\"Path 8940\" d=\"M0,0H16V16H0Z\" fill=\"none\"\/>\n                            <path id=\"Path_8941\" data-name=\"Path 8941\" d=\"M14,2.333h-.667V1H12V2.333H5.333V1H4V2.333H3.333A1.337,1.337,0,0,0,2,3.667V14.333a1.337,1.337,0,0,0,1.333,1.333H14a1.337,1.337,0,0,0,1.333-1.333V3.667A1.337,1.337,0,0,0,14,2.333Zm0,12H3.333V7H14Zm0-8.667H3.333v-2H14Z\" transform=\"translate(-0.667 -0.333)\" fill=\"#acacac\"\/>\n                        <\/svg>\n                        19 April 2026                    <\/span>\n                <\/div>\n            <\/div>\n            <h2 class=\"entry-title\"><a href=\"https:\/\/zeno-pet.com\/en\/wplyw-mostbet-kod-promocyjny-na-strategie-zakladow-2\/\" rel=\"bookmark\">Wp\u0142yw Mostbet Kod Promocyjny na Strategie Zak\u0142ad\u00f3w<\/a><\/h2>        <\/header>\n    <\/div>\n<\/article><article id=\"post-3200\" class=\"content-item -card-blog post-3200 post type-post status-publish format-standard hentry category-uncategorized\">\n    <div class=\"pic\">\n        <a href=\"https:\/\/zeno-pet.com\/en\/wplyw-mostbet-kod-promocyjny-na-strategie-zakladow\/\" title=\"Permalink to Wp\u0142yw Mostbet Kod Promocyjny na Strategie Zak\u0142ad\u00f3w\" rel=\"bookmark\">\n            <img decoding=\"async\" src=\"https:\/\/zeno-pet.com\/wp-content\/themes\/plant\/img\/thumb.jpg\" alt=\"Wp\u0142yw Mostbet Kod Promocyjny na Strategie Zak\u0142ad\u00f3w\" \/>        <\/a>\n    <\/div>\n    <div class=\"info\">\n        <header class=\"entry-header\">\n            <div class=\"grid-block -d2 -m2\">\n                 <a class=\"entry-cat _heading\" href=\"https:\/\/zeno-pet.com\/en\/category\/uncategorized\/\" title=\"Uncategorized\">Uncategorized<\/a>                <div class=\"entry-meta\">\n                    <span class=\"date-meta\">\n                        <svg id=\"calendar_today_black_24dp\" xmlns=\"http:\/\/www.w3.org\/2000\/svg\" width=\"16\" height=\"16\" viewbox=\"0 0 16 16\">\n                            <path id=\"Path_8940\" data-name=\"Path 8940\" d=\"M0,0H16V16H0Z\" fill=\"none\"\/>\n                            <path id=\"Path_8941\" data-name=\"Path 8941\" d=\"M14,2.333h-.667V1H12V2.333H5.333V1H4V2.333H3.333A1.337,1.337,0,0,0,2,3.667V14.333a1.337,1.337,0,0,0,1.333,1.333H14a1.337,1.337,0,0,0,1.333-1.333V3.667A1.337,1.337,0,0,0,14,2.333Zm0,12H3.333V7H14Zm0-8.667H3.333v-2H14Z\" transform=\"translate(-0.667 -0.333)\" fill=\"#acacac\"\/>\n                        <\/svg>\n                        19 April 2026                    <\/span>\n                <\/div>\n            <\/div>\n            <h2 class=\"entry-title\"><a href=\"https:\/\/zeno-pet.com\/en\/wplyw-mostbet-kod-promocyjny-na-strategie-zakladow\/\" rel=\"bookmark\">Wp\u0142yw Mostbet Kod Promocyjny na Strategie Zak\u0142ad\u00f3w<\/a><\/h2>        <\/header>\n    <\/div>\n<\/article><article id=\"post-3540\" class=\"content-item -card-blog post-3540 post type-post status-publish format-standard hentry category-uncategorized\">\n    <div class=\"pic\">\n        <a href=\"https:\/\/zeno-pet.com\/en\/live-betting-insights-a-post-mostbet-prihlaseni-jak-uspesne-sazet-v-realnem-case-5\/\" title=\"Permalink to Live Betting Insights a Post Mostbet P\u0159ihl\u00e1\u0161en\u00ed: Jak \u00dasp\u011b\u0161n\u011b S\u00e1zet v Re\u00e1ln\u00e9m \u010case\" rel=\"bookmark\">\n            <img decoding=\"async\" src=\"https:\/\/zeno-pet.com\/wp-content\/themes\/plant\/img\/thumb.jpg\" alt=\"Live Betting Insights a Post Mostbet P\u0159ihl\u00e1\u0161en\u00ed: Jak \u00dasp\u011b\u0161n\u011b S\u00e1zet v Re\u00e1ln\u00e9m \u010case\" \/>        <\/a>\n    <\/div>\n    <div class=\"info\">\n        <header class=\"entry-header\">\n            <div class=\"grid-block -d2 -m2\">\n                 <a class=\"entry-cat _heading\" href=\"https:\/\/zeno-pet.com\/en\/category\/uncategorized\/\" title=\"Uncategorized\">Uncategorized<\/a>                <div class=\"entry-meta\">\n                    <span class=\"date-meta\">\n                        <svg id=\"calendar_today_black_24dp\" xmlns=\"http:\/\/www.w3.org\/2000\/svg\" width=\"16\" height=\"16\" viewbox=\"0 0 16 16\">\n                            <path id=\"Path_8940\" data-name=\"Path 8940\" d=\"M0,0H16V16H0Z\" fill=\"none\"\/>\n                            <path id=\"Path_8941\" data-name=\"Path 8941\" d=\"M14,2.333h-.667V1H12V2.333H5.333V1H4V2.333H3.333A1.337,1.337,0,0,0,2,3.667V14.333a1.337,1.337,0,0,0,1.333,1.333H14a1.337,1.337,0,0,0,1.333-1.333V3.667A1.337,1.337,0,0,0,14,2.333Zm0,12H3.333V7H14Zm0-8.667H3.333v-2H14Z\" transform=\"translate(-0.667 -0.333)\" fill=\"#acacac\"\/>\n                        <\/svg>\n                        19 April 2026                    <\/span>\n                <\/div>\n            <\/div>\n            <h2 class=\"entry-title\"><a href=\"https:\/\/zeno-pet.com\/en\/live-betting-insights-a-post-mostbet-prihlaseni-jak-uspesne-sazet-v-realnem-case-5\/\" rel=\"bookmark\">Live Betting Insights a Post Mostbet P\u0159ihl\u00e1\u0161en\u00ed: Jak \u00dasp\u011b\u0161n\u011b S\u00e1zet v Re\u00e1ln\u00e9m \u010case<\/a><\/h2>        <\/header>\n    <\/div>\n<\/article><article id=\"post-3538\" class=\"content-item -card-blog post-3538 post type-post status-publish format-standard hentry category-uncategorized\">\n    <div class=\"pic\">\n        <a href=\"https:\/\/zeno-pet.com\/en\/live-betting-insights-a-post-mostbet-prihlaseni-jak-uspesne-sazet-v-realnem-case-4\/\" title=\"Permalink to Live Betting Insights a Post Mostbet P\u0159ihl\u00e1\u0161en\u00ed: Jak \u00dasp\u011b\u0161n\u011b S\u00e1zet v Re\u00e1ln\u00e9m \u010case\" rel=\"bookmark\">\n            <img decoding=\"async\" src=\"https:\/\/zeno-pet.com\/wp-content\/themes\/plant\/img\/thumb.jpg\" alt=\"Live Betting Insights a Post Mostbet P\u0159ihl\u00e1\u0161en\u00ed: Jak \u00dasp\u011b\u0161n\u011b S\u00e1zet v Re\u00e1ln\u00e9m \u010case\" \/>        <\/a>\n    <\/div>\n    <div class=\"info\">\n        <header class=\"entry-header\">\n            <div class=\"grid-block -d2 -m2\">\n                 <a class=\"entry-cat _heading\" href=\"https:\/\/zeno-pet.com\/en\/category\/uncategorized\/\" title=\"Uncategorized\">Uncategorized<\/a>                <div class=\"entry-meta\">\n                    <span class=\"date-meta\">\n                        <svg id=\"calendar_today_black_24dp\" xmlns=\"http:\/\/www.w3.org\/2000\/svg\" width=\"16\" height=\"16\" viewbox=\"0 0 16 16\">\n                            <path id=\"Path_8940\" data-name=\"Path 8940\" d=\"M0,0H16V16H0Z\" fill=\"none\"\/>\n                            <path id=\"Path_8941\" data-name=\"Path 8941\" d=\"M14,2.333h-.667V1H12V2.333H5.333V1H4V2.333H3.333A1.337,1.337,0,0,0,2,3.667V14.333a1.337,1.337,0,0,0,1.333,1.333H14a1.337,1.337,0,0,0,1.333-1.333V3.667A1.337,1.337,0,0,0,14,2.333Zm0,12H3.333V7H14Zm0-8.667H3.333v-2H14Z\" transform=\"translate(-0.667 -0.333)\" fill=\"#acacac\"\/>\n                        <\/svg>\n                        19 April 2026                    <\/span>\n                <\/div>\n            <\/div>\n            <h2 class=\"entry-title\"><a href=\"https:\/\/zeno-pet.com\/en\/live-betting-insights-a-post-mostbet-prihlaseni-jak-uspesne-sazet-v-realnem-case-4\/\" rel=\"bookmark\">Live Betting Insights a Post Mostbet P\u0159ihl\u00e1\u0161en\u00ed: Jak \u00dasp\u011b\u0161n\u011b S\u00e1zet v Re\u00e1ln\u00e9m \u010case<\/a><\/h2>        <\/header>\n    <\/div>\n<\/article><\/div><div class=\"content-pagination\"><span aria-label=\"Page 1\" aria-current=\"page\" class=\"page-numbers current\" data-no-translation-aria-label=\"\">1<\/span>\n<a aria-label=\"Page 2\" class=\"page-numbers\" href=\"https:\/\/zeno-pet.com\/en\/wp-json\/wp\/v2\/pages\/127\/page\/2\/\" data-no-translation-aria-label=\"\">2<\/a>\n<span class=\"page-numbers dots\">&hellip;<\/span>\n<a aria-label=\"Page 108\" class=\"page-numbers\" href=\"https:\/\/zeno-pet.com\/en\/wp-json\/wp\/v2\/pages\/127\/page\/108\/\" data-no-translation-aria-label=\"\">108<\/a>\n<a class=\"next page-numbers\" href=\"https:\/\/zeno-pet.com\/en\/wp-json\/wp\/v2\/pages\/127\/page\/2\/\"><svg xmlns=\"http:\/\/www.w3.org\/2000\/svg\" width=\"24\" height=\"24\" viewbox=\"0 0 24 24\" fill=\"none\" stroke=\"currentColor\" stroke-width=\"2\" stroke-linecap=\"round\" stroke-linejoin=\"round\" class=\"feather feather-chevron-right\"><polyline points=\"9 18 15 12 9 6\"><\/polyline><\/svg><\/a><\/div>\n\n<\/div><\/div>\n<\/div><\/section><\/div>","protected":false},"excerpt":{"rendered":"<p>\u0e1a\u0e17\u0e04\u0e27\u0e32\u0e21\u0e19\u0e48\u0e32\u0e23\u0e39\u0e49 \u0e2b\u0e19\u0e49\u0e32\u0e2b\u0e25\u0e31\u0e01 \/ \u0e1a\u0e17\u0e04\u0e27\u0e32\u0e21\u0e19\u0e48\u0e32\u0e23\u0e39\u0e49<\/p>","protected":false},"author":1,"featured_media":0,"parent":0,"menu_order":0,"comment_status":"closed","ping_status":"closed","template":"","meta":{"om_disable_all_campaigns":false,"inline_featured_image":false,"_monsterinsights_skip_tracking":false,"_monsterinsights_sitenote_active":false,"_monsterinsights_sitenote_note":"","_monsterinsights_sitenote_category":0,"footnotes":""},"class_list":["post-127","page","type-page","status-publish","hentry"],"aioseo_notices":[],"acf":[],"_links":{"self":[{"href":"https:\/\/zeno-pet.com\/en\/wp-json\/wp\/v2\/pages\/127","targetHints":{"allow":["GET"]}}],"collection":[{"href":"https:\/\/zeno-pet.com\/en\/wp-json\/wp\/v2\/pages"}],"about":[{"href":"https:\/\/zeno-pet.com\/en\/wp-json\/wp\/v2\/types\/page"}],"author":[{"embeddable":true,"href":"https:\/\/zeno-pet.com\/en\/wp-json\/wp\/v2\/users\/1"}],"replies":[{"embeddable":true,"href":"https:\/\/zeno-pet.com\/en\/wp-json\/wp\/v2\/comments?post=127"}],"version-history":[{"count":0,"href":"https:\/\/zeno-pet.com\/en\/wp-json\/wp\/v2\/pages\/127\/revisions"}],"wp:attachment":[{"href":"https:\/\/zeno-pet.com\/en\/wp-json\/wp\/v2\/media?parent=127"}],"curies":[{"name":"wp","href":"https:\/\/api.w.org\/{rel}","templated":true}]}}